{"id":3257,"date":"2019-03-10T18:07:49","date_gmt":"2019-03-10T17:07:49","guid":{"rendered":"http:\/\/test.mobyte.es\/terra-benidorm\/eventos\/comuniones\/"},"modified":"2021-09-24T14:17:49","modified_gmt":"2021-09-24T12:17:49","slug":"first-communions","status":"publish","type":"page","link":"https:\/\/benidorm.terranatura.com\/en\/https-benidorm-terranatura-com-en-events\/first-communions\/","title":{"rendered":"FIRST COMMUNIONS"},"content":{"rendered":"<div id=\"pl-3257\"  class=\"panel-layout\" ><div id=\"pg-3257-0\"  class=\"panel-grid panel-has-style\" ><div class=\"bloque-navigator panel-row-style panel-row-style-for-3257-0\" ><div id=\"pgc-3257-0-0\"  class=\"panel-grid-cell\" ><div id=\"panel-3257-0-0-0\" class=\"so-panel widget widget_navigator_widget panel-first-child panel-last-child\" data-index=\"0\" ><div\n\t\t\t\n\t\t\tclass=\"so-widget-navigator_widget so-widget-navigator_widget-base\"\n\t\t\t\n\t\t>\n\n<div class=\"widget-navigator \">\n\t<a href=\"https:\/\/benidorm.terranatura.com\/https-benidorm-terranatura-com-eventos\/cumpleanos-y-eventos-familiares\/\">\n\t\t<span class=\"image\">\n\t\t\t<div class=\"background-image\" style=\"background-image: url('https:\/\/benidorm.terranatura.com\/wp-content\/uploads\/2019\/03\/ico-cumple.png')\"><\/div>\n\t\t<\/span>\n\t\t<h2 class=\"title\">Cumplea\u00f1os<\/h2>\n\t\t\t<\/a>\n<\/div>\n\n\n\n<\/div><\/div><\/div><div id=\"pgc-3257-0-1\"  class=\"panel-grid-cell\" ><div id=\"panel-3257-0-1-0\" class=\"so-panel widget widget_navigator_widget panel-first-child panel-last-child\" data-index=\"1\" ><div\n\t\t\t\n\t\t\tclass=\"so-widget-navigator_widget so-widget-navigator_widget-base\"\n\t\t\t\n\t\t>\n\n<div class=\"widget-navigator \">\n\t<a href=\"https:\/\/benidorm.terranatura.com\/https-benidorm-terranatura-com-eventos\/comuniones\/\">\n\t\t<span class=\"image\">\n\t\t\t<div class=\"background-image\" style=\"background-image: url('https:\/\/benidorm.terranatura.com\/wp-content\/uploads\/2019\/03\/ico-comuniones.png')\"><\/div>\n\t\t<\/span>\n\t\t<h2 class=\"title\">Comuniones<\/h2>\n\t\t\t<\/a>\n<\/div>\n\n\n\n<\/div><\/div><\/div><div id=\"pgc-3257-0-2\"  class=\"panel-grid-cell\" ><div id=\"panel-3257-0-2-0\" class=\"so-panel widget widget_navigator_widget panel-first-child panel-last-child\" data-index=\"2\" ><div\n\t\t\t\n\t\t\tclass=\"so-widget-navigator_widget so-widget-navigator_widget-base\"\n\t\t\t\n\t\t>\n\n<div class=\"widget-navigator \">\n\t<a href=\"https:\/\/benidorm.terranatura.com\/https-benidorm-terranatura-com-eventos\/filmaciones\/\">\n\t\t<span class=\"image\">\n\t\t\t<div class=\"background-image\" style=\"background-image: url('https:\/\/benidorm.terranatura.com\/wp-content\/uploads\/2019\/03\/ico-film.png')\"><\/div>\n\t\t<\/span>\n\t\t<h2 class=\"title\">Filmaciones<\/h2>\n\t\t\t<\/a>\n<\/div>\n\n\n\n<\/div><\/div><\/div><\/div><\/div><div id=\"pg-3257-1\"  class=\"panel-grid panel-has-style\" ><div class=\"bloque-info1 panel-row-style panel-row-style-for-3257-1\" ><div id=\"pgc-3257-1-0\"  class=\"panel-grid-cell\" ><div id=\"panel-3257-1-0-0\" class=\"so-panel widget widget_sow-editor panel-first-child panel-last-child\" data-index=\"3\" ><div\n\t\t\t\n\t\t\tclass=\"so-widget-sow-editor so-widget-sow-editor-base\"\n\t\t\t\n\t\t><h3 class=\"widget-title\">COMUNIONES<\/h3>\n<div class=\"siteorigin-widget-tinymce textwidget\">\n\t<div class=\"siteorigin-widget-tinymce textwidget\">\n<div class=\"siteorigin-widget-tinymce textwidget\">\n<div class=\"textwidget\"><strong>TERRA NATURA BENIDORM<\/strong> es el lugar ideal para celebrar tu comuni\u00f3n donde podr\u00e1s disfrutar una gran variedad de opciones gastron\u00f3micas tanto en espacio cerrado como al aire libre.<\/div>\n<div><\/div>\n<div class=\"textwidget\">En nuestro restaurante Estiatorio, podr\u00e1s elegir entre el sal\u00f3n tem\u00e1tico o su gran terraza cubierta. Todo ello integrado en un m\u00e1gico entorno con amplias zonas de vegetaci\u00f3n y ambientado en un pintoresco<br \/>\npueblecito costero de las islas griegas.<\/div>\n<div><\/div>\n<div class=\"textwidget\">Para hacer de tu d\u00eda el m\u00e1s especial, te queremos obsequiar con:<\/div>\n<ul>\n<li class=\"textwidget\">Entrada y parking gratuito para todos los asistentes.<\/li>\n<li class=\"textwidget\">Monitor durante todo el evento y visita guiada (1.30h)<\/li>\n<li class=\"textwidget\">Centros florales para las mesas de adultos.<\/li>\n<li class=\"textwidget\">Decoraci\u00f3n con globos para la mesa de ni\u00f1os.<\/li>\n<li class=\"textwidget\">Minutas individuales personalizadas.<\/li>\n<li class=\"textwidget\">Bolsas de golosinas para todos los ni\u00f1os.<\/li>\n<li class=\"textwidget\">Tarta de Comuni\u00f3n en el men\u00fa infantil.<\/li>\n<li class=\"textwidget\">Pase anual y regalo sorpresa para el comuniante.<\/li>\n<li class=\"textwidget\">Obsequio para todos los ni\u00f1os invitados.<\/li>\n<li class=\"textwidget\">Degustaci\u00f3n del men\u00fa para 2 adultos y 1 ni\u00f1o.<\/li>\n<li class=\"textwidget\">M\u00ednimo 35 comensales<\/li>\n<\/ul>\n<\/div>\n<\/div>\n<\/div>\n<\/div><\/div><\/div><div id=\"pgc-3257-1-1\"  class=\"panel-grid-cell\" ><div id=\"panel-3257-1-1-0\" class=\"so-panel widget widget_sow-image panel-first-child panel-last-child\" data-index=\"4\" ><div class=\"pic-marco animate-69f1cc5a3052c602274513 panels-animation-hide panel-widget-style panel-widget-style-for-3257-1-1-0\" data-so-animation=\"{&quot;selector&quot;:&quot;.animate-69f1cc5a3052c602274513&quot;,&quot;animation&quot;:&quot;bounceInRight&quot;,&quot;duration&quot;:1,&quot;repeat&quot;:0,&quot;hide&quot;:1,&quot;finalState&quot;:&quot;visible&quot;,&quot;delay&quot;:0,&quot;debounce&quot;:0.1,&quot;event&quot;:&quot;enter&quot;,&quot;offset&quot;:100}\" ><div\n\t\t\t\n\t\t\tclass=\"so-widget-sow-image so-widget-sow-image-default-8b5b6f678277-3257\"\n\t\t\t data-overlay-enabled=\"1\" data-overlay-settings=\"{&quot;enabled_for_widgets&quot;:[&quot;sow-image&quot;,&quot;sow-image-grid&quot;,&quot;sow-simple-masonry&quot;],&quot;theme&quot;:&quot;&quot;,&quot;show_delay&quot;:300,&quot;overlay_color&quot;:&quot;#000000&quot;,&quot;overlay_opacity&quot;:0.5,&quot;overlay_position&quot;:&quot;bottom&quot;,&quot;overlay_size&quot;:0.3,&quot;overlay_animation&quot;:&quot;fade&quot;,&quot;font_family&quot;:&quot;&quot;,&quot;text_size&quot;:&quot;15px&quot;,&quot;text_size_unit&quot;:&quot;px&quot;,&quot;text_color&quot;:&quot;#FFFFFF&quot;,&quot;text_padding&quot;:&quot;22px 22px 22px 22px&quot;,&quot;text_position&quot;:&quot;middle&quot;,&quot;text_align&quot;:&quot;left&quot;,&quot;text_animation&quot;:&quot;&quot;}\" data-tooltip-enabled=\"1\" data-tooltip-theme=\"light\"\n\t\t>\n<div class=\"sow-image-container\">\n\t\t<img \n\tsrc=\"https:\/\/benidorm.terranatura.com\/wp-content\/uploads\/2019\/03\/Foto-comuniones0-700x610.jpg\" width=\"700\" height=\"610\" srcset=\"https:\/\/benidorm.terranatura.com\/wp-content\/uploads\/2019\/03\/Foto-comuniones0-700x610.jpg 700w, https:\/\/benidorm.terranatura.com\/wp-content\/uploads\/2019\/03\/Foto-comuniones0-250x218.jpg 250w, https:\/\/benidorm.terranatura.com\/wp-content\/uploads\/2019\/03\/Foto-comuniones0-768x670.jpg 768w, https:\/\/benidorm.terranatura.com\/wp-content\/uploads\/2019\/03\/Foto-comuniones0-120x105.jpg 120w, https:\/\/benidorm.terranatura.com\/wp-content\/uploads\/2019\/03\/Foto-comuniones0.jpg 1085w\" sizes=\"(max-width: 700px) 100vw, 700px\" title=\"Foto comuniones0\" alt=\"\" \t\tclass=\"so-widget-image\"\/>\n\t<\/div>\n\n<\/div><\/div><\/div><\/div><\/div><\/div><div id=\"pg-3257-2\"  class=\"panel-grid panel-has-style\" ><div class=\"bloque-info1 panel-row-style panel-row-style-for-3257-2\" ><div id=\"pgc-3257-2-0\"  class=\"panel-grid-cell\" ><div id=\"panel-3257-2-0-0\" class=\"so-panel widget widget_sow-hero panel-first-child panel-last-child\" data-index=\"5\" ><div class=\"pic-marco panel-widget-style panel-widget-style-for-3257-2-0-0\" ><div\n\t\t\t\n\t\t\tclass=\"so-widget-sow-hero so-widget-sow-hero-default-372a2a279575-3257 so-widget-fittext-wrapper\"\n\t\t\t data-fit-text-compressor=\"0.85\"\n\t\t>\t\t\t\t<div class=\"sow-slider-base\" style=\"display: none\" tabindex=\"0\">\n\t\t\t\t\t<ul\n\t\t\t\t\tclass=\"sow-slider-images\"\n\t\t\t\t\tdata-settings=\"{&quot;pagination&quot;:true,&quot;speed&quot;:800,&quot;timeout&quot;:8000,&quot;paused&quot;:false,&quot;pause_on_hover&quot;:false,&quot;swipe&quot;:true,&quot;nav_always_show_desktop&quot;:&quot;&quot;,&quot;nav_always_show_mobile&quot;:&quot;&quot;,&quot;breakpoint&quot;:&quot;780px&quot;,&quot;unmute&quot;:false,&quot;anchor&quot;:null}\"\n\t\t\t\t\tstyle=\"min-height: 400px\"\t\t\t\t\tdata-anchor-id=\"\"\n\t\t\t\t>\t\t<li class=\"sow-slider-image  sow-slider-image-cover\" style=\"visibility: visible;;background-color: #333333;background-image: url(https:\/\/benidorm.terranatura.com\/wp-content\/uploads\/2019\/03\/Foto-comuniones.jpg)\" >\n\t\t\t\t\t<div class=\"sow-slider-image-container\">\n\t\t\t<div class=\"sow-slider-image-wrapper\">\n\t\t\t\t\t\t\t<\/div>\n\t\t<\/div>\n\t\t\t\t<\/li>\n\t\t\t\t<li class=\"sow-slider-image  sow-slider-image-cover\" style=\"visibility: hidden;;background-color: #333333\" data-background=\"url(https:\/\/benidorm.terranatura.com\/wp-content\/uploads\/2019\/03\/Foto-comuniones4.jpg)\" >\n\t\t\t\t\t<div class=\"sow-slider-image-container\">\n\t\t\t<div class=\"sow-slider-image-wrapper\">\n\t\t\t\t\t\t\t<\/div>\n\t\t<\/div>\n\t\t\t\t<\/li>\n\t\t<\/ul>\t\t\t\t<ol class=\"sow-slider-pagination\">\n\t\t\t\t\t\t\t\t\t\t\t<li><a href=\"#\" data-goto=\"0\" aria-label=\"Display slide 1\"><\/a><\/li>\n\t\t\t\t\t\t\t\t\t\t\t<li><a href=\"#\" data-goto=\"1\" aria-label=\"Display slide 2\"><\/a><\/li>\n\t\t\t\t\t\t\t\t\t<\/ol>\n\n\t\t\t\t<div class=\"sow-slide-nav sow-slide-nav-next\">\n\t\t\t\t\t<a href=\"#\" data-goto=\"next\" aria-label=\"Next slide\" data-action=\"next\">\n\t\t\t\t\t\t<em class=\"sow-sld-icon-thin-right\"><\/em>\n\t\t\t\t\t<\/a>\n\t\t\t\t<\/div>\n\n\t\t\t\t<div class=\"sow-slide-nav sow-slide-nav-prev\">\n\t\t\t\t\t<a href=\"#\" data-goto=\"previous\" aria-label=\"Previous slide\" data-action=\"prev\">\n\t\t\t\t\t\t<em class=\"sow-sld-icon-thin-left\"><\/em>\n\t\t\t\t\t<\/a>\n\t\t\t\t<\/div>\n\t\t\t\t<\/div><\/div><\/div><\/div><\/div><\/div><\/div><div id=\"pg-3257-3\"  class=\"panel-grid panel-has-style\" ><div class=\"bloque-descargas siteorigin-panels-stretch panel-row-style panel-row-style-for-3257-3\" data-stretch-type=\"full\" ><div id=\"pgc-3257-3-0\"  class=\"panel-grid-cell\" ><div id=\"panel-3257-3-0-0\" class=\"so-panel widget widget_sow-editor panel-first-child panel-last-child\" data-index=\"6\" ><div\n\t\t\t\n\t\t\tclass=\"so-widget-sow-editor so-widget-sow-editor-base\"\n\t\t\t\n\t\t><h3 class=\"widget-title\">DESCARGAS<\/h3>\n<div class=\"siteorigin-widget-tinymce textwidget\">\n\t<div class=\"siteorigin-widget-tinymce textwidget\">\n<div class=\"siteorigin-widget-tinymce textwidget\">\n\t<\/div>\n<\/div>\n<\/div>\n<\/div><\/div><\/div><div id=\"pgc-3257-3-1\"  class=\"panel-grid-cell\" ><div id=\"panel-3257-3-1-0\" class=\"so-panel widget widget_sow-editor panel-first-child panel-last-child\" data-index=\"7\" ><div class=\"info panel-widget-style panel-widget-style-for-3257-3-1-0\" ><div\n\t\t\t\n\t\t\tclass=\"so-widget-sow-editor so-widget-sow-editor-base\"\n\t\t\t\n\t\t>\n<div class=\"siteorigin-widget-tinymce textwidget\">\n\t<p><strong>Celebra tu comuni\u00f3n en un marco incomparable.<\/strong><\/p>\n<p>Descarga nuestro dossier e inf\u00f3rmate de las diferentes opciones que ofrecemos.<\/p>\n<\/div>\n<\/div><\/div><\/div><\/div><\/div><\/div><div id=\"pg-3257-4\"  class=\"panel-grid panel-has-style\" ><div class=\"form-info siteorigin-panels-stretch panel-row-style panel-row-style-for-3257-4\" data-stretch-type=\"full\" ><div id=\"pgc-3257-4-0\"  class=\"panel-grid-cell\" ><div id=\"panel-3257-4-0-0\" class=\"so-panel widget widget_sow-editor panel-first-child\" data-index=\"8\" ><div class=\"info panel-widget-style panel-widget-style-for-3257-4-0-0\" ><div\n\t\t\t\n\t\t\tclass=\"so-widget-sow-editor so-widget-sow-editor-base\"\n\t\t\t\n\t\t><h3 class=\"widget-title\">Contacta con nosotros<\/h3>\n<div class=\"siteorigin-widget-tinymce textwidget\">\n\t<div class=\"siteorigin-widget-tinymce textwidget\">\n<div class=\"textwidget\">\n<p>Solicita informaci\u00f3n sin compromiso.<\/p>\n<\/div>\n<\/div>\n<\/div>\n<\/div><\/div><\/div><div id=\"panel-3257-4-0-1\" class=\"so-panel widget widget_sow-editor panel-last-child\" data-index=\"9\" ><div\n\t\t\t\n\t\t\tclass=\"so-widget-sow-editor so-widget-sow-editor-base\"\n\t\t\t\n\t\t>\n<div class=\"siteorigin-widget-tinymce textwidget\">\n\t\n<div class=\"wpcf7 no-js\" id=\"wpcf7-f1958-o1\" lang=\"es-ES\" dir=\"ltr\" data-wpcf7-id=\"1958\">\n<div class=\"screen-reader-response\"><p role=\"status\" aria-live=\"polite\" aria-atomic=\"true\"><\/p> <ul><\/ul><\/div>\n<form action=\"\/en\/wp-json\/wp\/v2\/pages\/3257#wpcf7-f1958-o1\" method=\"post\" class=\"wpcf7-form init\" aria-label=\"Formulario de contacto\" novalidate=\"novalidate\" data-status=\"init\">\n<fieldset class=\"hidden-fields-container\"><input type=\"hidden\" name=\"_wpcf7\" value=\"1958\" \/><input type=\"hidden\" name=\"_wpcf7_version\" value=\"6.1.5\" \/><input type=\"hidden\" name=\"_wpcf7_locale\" value=\"es_ES\" \/><input type=\"hidden\" name=\"_wpcf7_unit_tag\" value=\"wpcf7-f1958-o1\" \/><input type=\"hidden\" name=\"_wpcf7_container_post\" value=\"0\" \/><input type=\"hidden\" name=\"_wpcf7_posted_data_hash\" value=\"\" \/><input type=\"hidden\" name=\"_wpcf7_recaptcha_response\" value=\"\" \/>\n<\/fieldset>\n<div>\n\t<div class=\"row\">\n\t\t<div class=\"col-md-4 col-sm-6 col-12\">\n\t\t\t<p><span class=\"wpcf7-form-control-wrap\" data-name=\"your-name\"><input size=\"40\" maxlength=\"400\" class=\"wpcf7-form-control wpcf7-text wpcf7-validates-as-required\" aria-required=\"true\" aria-invalid=\"false\" placeholder=\"Name*\" value=\"\" type=\"text\" name=\"your-name\" \/><\/span><br \/>\n<span class=\"wpcf7-form-control-wrap\" data-name=\"your-email\"><input size=\"40\" maxlength=\"400\" class=\"wpcf7-form-control wpcf7-email wpcf7-validates-as-required wpcf7-text wpcf7-validates-as-email\" aria-required=\"true\" aria-invalid=\"false\" placeholder=\"Email*\" value=\"\" type=\"email\" name=\"your-email\" \/><\/span>\n\t\t\t<\/p>\n\t\t<\/div>\n\t\t<div class=\"col-md-8 col-sm-6 col-12\">\n\t\t\t<p><span class=\"wpcf7-form-control-wrap\" data-name=\"your-message\"><textarea cols=\"40\" rows=\"10\" maxlength=\"2000\" class=\"wpcf7-form-control wpcf7-textarea wpcf7-validates-as-required\" aria-required=\"true\" aria-invalid=\"false\" placeholder=\"Message *\" name=\"your-message\"><\/textarea><\/span>\n\t\t\t<\/p>\n\t\t<\/div>\n\t<\/div>\n\t<div class=\"terms\">\n\t\t<p><label><span class=\"wpcf7-form-control-wrap\" data-name=\"terms\"><span class=\"wpcf7-form-control wpcf7-acceptance\"><span class=\"wpcf7-list-item\"><input type=\"checkbox\" name=\"terms\" value=\"1\" aria-invalid=\"false\" \/><\/span><\/span><\/span> I have read and accept the <a href=\"politica-de-privacidad\" target=\"_blank\">privacy policy<\/a><\/label>\n\t\t<\/p>\n\t<\/div>\n\t<div>\n\t\t<p><input class=\"wpcf7-form-control wpcf7-submit has-spinner\" type=\"submit\" value=\"Send message\" \/>\n\t\t<\/p>\n\t<\/div>\n<\/div><div class=\"wpcf7-response-output\" aria-hidden=\"true\"><\/div>\n<\/form>\n<\/div>\n\n<\/div>\n<\/div><\/div><\/div><\/div><\/div><\/div>","protected":false},"excerpt":{"rendered":"TERRA NATURA BENIDORM es el lugar ideal para celebrar tu comuni\u00f3n donde podr\u00e1s disfrutar una gran variedad de opciones gastron\u00f3micas tanto en espacio cerrado como al aire libre. En nuestro restaurante Estiatorio, podr\u00e1s elegir entre el sal\u00f3n tem\u00e1tico o su gran terraza cubierta. Todo ello integrado en un m\u00e1gico entorno con amplias zonas de vegetaci\u00f3n&#8230; <a class=\"view-article\" href=\"https:\/\/benidorm.terranatura.com\/en\/https-benidorm-terranatura-com-en-events\/first-communions\/\">View Article<\/a>","protected":false},"author":3,"featured_media":2786,"parent":3256,"menu_order":0,"comment_status":"closed","ping_status":"closed","template":"templates\/template-small-header.php","meta":{"_acf_changed":false,"footnotes":""},"class_list":["post-3257","page","type-page","status-publish","has-post-thumbnail","hentry"],"acf":[],"_links":{"self":[{"href":"https:\/\/benidorm.terranatura.com\/en\/wp-json\/wp\/v2\/pages\/3257","targetHints":{"allow":["GET"]}}],"collection":[{"href":"https:\/\/benidorm.terranatura.com\/en\/wp-json\/wp\/v2\/pages"}],"about":[{"href":"https:\/\/benidorm.terranatura.com\/en\/wp-json\/wp\/v2\/types\/page"}],"author":[{"embeddable":true,"href":"https:\/\/benidorm.terranatura.com\/en\/wp-json\/wp\/v2\/users\/3"}],"replies":[{"embeddable":true,"href":"https:\/\/benidorm.terranatura.com\/en\/wp-json\/wp\/v2\/comments?post=3257"}],"version-history":[{"count":2,"href":"https:\/\/benidorm.terranatura.com\/en\/wp-json\/wp\/v2\/pages\/3257\/revisions"}],"predecessor-version":[{"id":11090,"href":"https:\/\/benidorm.terranatura.com\/en\/wp-json\/wp\/v2\/pages\/3257\/revisions\/11090"}],"up":[{"embeddable":true,"href":"https:\/\/benidorm.terranatura.com\/en\/wp-json\/wp\/v2\/pages\/3256"}],"wp:featuredmedia":[{"embeddable":true,"href":"https:\/\/benidorm.terranatura.com\/en\/wp-json\/wp\/v2\/media\/2786"}],"wp:attachment":[{"href":"https:\/\/benidorm.terranatura.com\/en\/wp-json\/wp\/v2\/media?parent=3257"}],"curies":[{"name":"wp","href":"https:\/\/api.w.org\/{rel}","templated":true}]}}